{"id":11,"date":"2026-05-01T22:01:53","date_gmt":"2026-05-01T22:01:53","guid":{"rendered":"https:\/\/vivendo.site\/?page_id=11"},"modified":"2026-05-09T03:15:30","modified_gmt":"2026-05-09T03:15:30","slug":"brizy-11","status":"publish","type":"page","link":"https:\/\/vivendo.site\/","title":{"rendered":"Brizy #11"},"content":{"rendered":"<div class=\"brz brz-root__container brz-reset-all brz-root__container-page\" >\n<section id=\"s_YQ275k_96T_s_YQ275k_96T\" class=\"brz-section brz-css-d-section brz-css-bm3a8\">\n<div class=\"brz-section__content brz-section--boxed brz-css-d-sectionitem-bg brz-css-13azn6g\" data-brz-custom-id=\"zIdbyS6hraOk\">\n<div class=\"brz-bg\">\n<div class=\"brz-bg-image\"><\/div>\n<div class=\"brz-bg-color\"><\/div>\n<\/div>\n<div class=\"brz-container brz-css-d-sectionitem-container brz-css-t76tqh\">\n<div id=\"\" class=\"brz-css-d-wrapper brz-css-l0fy08 brz-wrapper\">\n<div class=\"brz-rich-text brz-rich-text__custom brz-css-d-richtext brz-css-j9yw54\" data-brz-custom-id=\"aDf2yiuCzB35\">\n<div data-brz-translate-text=\"1\">\n<p class=\"brz-fsft-xs-0 brz-fwdth-xs-100 brz-vfw-xs-400 brz-lh-xs-1_2 brz-ls-xs-m_1_5 brz-fw-xs-700 brz-fss-xs-px brz-fs-xs-19 brz-tp-xs-empty brz-mt-xs-0 brz-fsft-lg-0 brz-fwdth-lg-100 brz-vfw-lg-400 brz-lh-lg-1_2 brz-ls-lg-m_1_5 brz-fw-lg-700 brz-fss-lg-px brz-fs-lg-35 brz-ft-google brz-ff-playfair_display brz-tp-lg-empty brz-mb-lg-0 brz-mt-lg-0 brz-bcp-color8 brz-text-lg-left brz-mb-xs-0 brz-text-xs-justify brz-css-l20tM\" data-generated-css=\"brz-css-u_vb1\" data-uniq-id=\"rVfqX\"><span class=\"brz-cp-color8\" style=\"color: rgb(255, 255, 255); background-color: rgba(0, 0, 0, 0); text-shadow: rgba(0, 0, 0, 0) 0px 0px 0px;\">Consultoria Inmobiliaria Integral<\/span><\/p>\n<p class=\"brz-fsft-xs-0 brz-fwdth-xs-100 brz-vfw-xs-400 brz-lh-xs-1_2 brz-ls-xs-m_1_5 brz-fw-xs-700 brz-fss-xs-px brz-fs-xs-19 brz-tp-xs-empty brz-fs-lg-35 brz-ft-google brz-ff-playfair_display brz-tp-lg-empty brz-fsft-lg-0 brz-fwdth-lg-100 brz-vfw-lg-400 brz-lh-lg-1_2 brz-ls-lg-m_1_5 brz-fw-lg-700 brz-fss-lg-px brz-mb-lg-0 brz-mt-lg-0 brz-bcp-color8 brz-text-lg-justify brz-text-xs-justify brz-css-sflQv\" data-generated-css=\"brz-css-l3SdB\" data-uniq-id=\"g7nYv\"><span class=\"brz-cp-color8\" style=\"color: rgb(255, 255, 255); background-color: rgba(0, 0, 0, 0); text-shadow: rgba(0, 0, 0, 0) 0px 0px 0px;\">Canc\u00fan &amp; Riviera Maya <\/span><\/p>\n<\/div>\n<\/div>\n<\/div>\n<div id=\"\" class=\"brz-css-d-wrapper brz-css-1fs9pex brz-wrapper\">\n<div class=\"brz-line brz-line-default brz-css-d-line brz-css-cmlk8a\" data-brz-custom-id=\"zIWLgr2LKojx\">\n<hr class=\"brz-hr\"><\/div>\n<\/div>\n<div id=\"\" class=\"brz-css-d-wrapper brz-css-11al8es brz-wrapper\">\n<div class=\"brz-rich-text brz-rich-text__custom brz-css-d-richtext brz-css-1t7brgq\" data-brz-custom-id=\"zDAAPatIyU3e\">\n<div data-brz-translate-text=\"1\">\n<p class=\"brz-fs-lg-17 brz-ft-google brz-ff-playfair_display brz-tp-lg-empty brz-fsft-lg-0 brz-fwdth-lg-100 brz-vfw-lg-400 brz-lh-lg-1_9 brz-ls-lg-1 brz-fw-lg-400 brz-fss-lg-px brz-bcp-color8 brz-text-lg-justify brz-tp-xs-empty brz-fs-xs-9 brz-fss-xs-px brz-fw-xs-400 brz-ls-xs-m_0_1 brz-lh-xs-1_6 brz-vfw-xs-400 brz-fwdth-xs-100 brz-fsft-xs-0 brz-css-u1OOp\" data-generated-css=\"brz-css-pFFpN\" data-uniq-id=\"aTBeB\"><span style=\"color: rgb(176, 141, 86);\">Criterio creativo. Experiencia Real. Resultados concretos.<\/span><\/p>\n<\/div>\n<\/div>\n<\/div>\n<div id=\"\" class=\"brz-css-d-wrapper brz-css-1j01a9u brz-wrapper\">\n<div class=\"brz-rich-text brz-rich-text__custom brz-css-d-richtext brz-css-gyy3i7\" data-brz-custom-id=\"zfyfObWD6wpI\">\n<div data-brz-translate-text=\"1\">\n<p class=\"brz-fsft-lg-0 brz-fwdth-lg-100 brz-vfw-lg-400 brz-lh-lg-1_9 brz-ls-lg-m_0_4 brz-fw-lg-400 brz-fss-lg-px brz-fs-lg-12 brz-ft-google brz-ff-overpass brz-tp-lg-empty brz-bcp-color8 brz-text-lg-justify brz-mb-xs-0 brz-mt-xs-0 brz-tp-xs-empty brz-fs-xs-7 brz-fss-xs-px brz-fw-xs-400 brz-ls-xs-m_0_9 brz-lh-xs-1_9 brz-vfw-xs-400 brz-fwdth-xs-100 brz-fsft-xs-0 brz-css-rIFVQ\" data-generated-css=\"brz-css-qzvIt\" data-uniq-id=\"c_Rnx\">\u00bfTienes en mente invertir? Te asesoro desde el concepto al cierre, te incluyo proyecto de interiorismo.<\/p>\n<p class=\"brz-fs-lg-12 brz-ft-google brz-ff-overpass brz-tp-lg-empty brz-fsft-lg-0 brz-fwdth-lg-100 brz-vfw-lg-400 brz-lh-lg-1_9 brz-ls-lg-m_0_4 brz-fw-lg-400 brz-fss-lg-px brz-bcp-color8 brz-text-lg-justify brz-tp-xs-empty brz-fs-xs-7 brz-fss-xs-px brz-fw-xs-400 brz-ls-xs-m_0_9 brz-lh-xs-1_9 brz-vfw-xs-400 brz-fwdth-xs-100 brz-fsft-xs-0 brz-css-xgWoG\" data-generated-css=\"brz-css-mAY6H\" data-uniq-id=\"soKeT\">\u00bfArrancas como Broker?? Te comparto el m\u00e9todo para que tu marca y tus campa\u00f1as trabajen por ti.<\/p>\n<\/div>\n<\/div>\n<\/div>\n<div class=\"brz-wrapper-clone brz-flex-xs-wrap brz-css-d-cloneable brz-css-10bp35y\" data-brz-custom-id=\"aF356LHXo6uV\"><a class=\"brz-a brz-btn brz-css-d-button brz-css-1urck9k brz-css-d-button-bg brz-css-2q2ear\" target=\"_self\" rel=\"noopener\" href=\"https:\/\/wa.me\/525510519397?text=Hola%20Enrique,%20quiero%20informaci\u00f3n%20sobre%20inversi\u00f3n%20inmobiliaria%20en%20Canc\u00fan\" data-brz-link-type=\"external\" data-brz-custom-id=\"e05dOlGBSNdR\"><svg class=\"brz-icon-svg align-[initial] brz-css-d-button-icon brz-css-gtyg30\"><use href=\"\/wp-content\/plugins\/brizy\/public\/editor-build\/prod\/editor\/icons\/glyph\/tail-right.svg#nc_icon\"><\/use><\/svg><span data-brz-translate-text=\"1\" class=\"brz-span brz-text__editor\">&nbsp; &nbsp; QUIERO INVERTIR&nbsp;<\/span><\/a><a class=\"brz-a brz-btn brz-css-d-button brz-css-958mi0 brz-css-d-button-bg brz-css-38qhqt\" target=\"_self\" rel=\"noopener\" href=\"https:\/\/wa.me\/525251051929?text=Hola%20Enrique,%20quiero%20informaci\u00f3n%20sobre%20el%20m\u00e9todo%20para%20brokers.\" data-brz-link-type=\"external\" data-brz-custom-id=\"dkpv4JzxFaKb\"><svg class=\"brz-icon-svg align-[initial] brz-css-d-button-icon brz-css-dud0k7\"><use href=\"\/wp-content\/plugins\/brizy\/public\/editor-build\/prod\/editor\/icons\/glyph\/tail-right.svg#nc_icon\"><\/use><\/svg><span data-brz-translate-text=\"1\" class=\"brz-span brz-text__editor\">QUIERO EL METODO&nbsp;<\/span><\/a><\/div>\n<\/div>\n<\/div>\n<\/section>\n<section id=\"d1roLRko9_5A_d1roLRko9_5A\" class=\"brz-section brz-css-d-section brz-css-1ldie01\">\n<div class=\"brz-section__content brz-section--boxed brz-css-d-sectionitem-bg brz-css-6v0zxf\" data-brz-custom-id=\"b46rnlRHTOvw\">\n<div class=\"brz-container brz-css-d-sectionitem-container brz-css-mekrbp\">\n<div id=\"\" class=\"brz-css-d-wrapper brz-css-15k7i90 brz-wrapper\">\n<div class=\"brz-image brz-css-d-image-oh3gafswyx6w-parent brz-css-t9jwec\" data-brz-custom-id=\"oH3gAfswYx6w\"><picture class=\"brz-picture brz-d-block brz-p-relative brz-css-d-image-oh3gafswyx6w-picture brz-css-y8f2aa\"><source srcset=\"https:\/\/vivendo.site\/wp-content\/uploads\/2026\/05\/3-MARKET-1.jpg 1x, https:\/\/vivendo.site\/wp-content\/uploads\/2026\/05\/3-MARKET-1.jpg 2x\" media=\"(min-width: 992px)\"><source srcset=\"https:\/\/vivendo.site\/wp-content\/uploads\/2026\/05\/3-MARKET-1.jpg 1x, https:\/\/vivendo.site\/wp-content\/uploads\/2026\/05\/3-MARKET-1.jpg 2x\" media=\"(min-width: 768px)\"><img decoding=\"async\" class=\"brz-img\" srcset=\"https:\/\/vivendo.site\/wp-content\/uploads\/2026\/05\/3-MARKET-1.jpg 1x, https:\/\/vivendo.site\/wp-content\/uploads\/2026\/05\/3-MARKET-1.jpg 2x\" src=\"https:\/\/vivendo.site\/wp-content\/uploads\/2026\/05\/3-MARKET-1.jpg\" loading=\"lazy\" alt=\"\" title=\"3 MARKET\" draggable=\"false\"><\/picture><\/div>\n<\/div>\n<\/div>\n<\/div>\n<\/section>\n<section id=\"c0Ta8T3DxMpu_c0Ta8T3DxMpu\" class=\"brz-section brz-css-d-section brz-css-1tmfhb0\">\n<div class=\"brz-section__content brz-section--boxed brz-css-d-sectionitem-bg brz-css-ulkqj2\" data-brz-custom-id=\"rqonWzyN5t86\">\n<div class=\"brz-container brz-css-d-sectionitem-container brz-css-mhpyot\">\n<div id=\"\" class=\"brz-css-d-wrapper brz-css-1oddl1i brz-wrapper\">\n<div class=\"brz-image brz-css-d-image-m0xzajmxinph-parent brz-css-1jktfmm\" data-brz-custom-id=\"m0xZAJmXiNpH\"><picture class=\"brz-picture brz-d-block brz-p-relative brz-css-d-image-m0xzajmxinph-picture brz-css-1biy70b\"><source srcset=\"https:\/\/vivendo.site\/wp-content\/uploads\/2026\/05\/4-ABOUT-1.jpg 1x, https:\/\/vivendo.site\/wp-content\/uploads\/2026\/05\/4-ABOUT-1.jpg 2x\" media=\"(min-width: 992px)\"><source srcset=\"https:\/\/vivendo.site\/wp-content\/uploads\/2026\/05\/4-ABOUT-1.jpg 1x, https:\/\/vivendo.site\/wp-content\/uploads\/2026\/05\/4-ABOUT-1.jpg 2x\" media=\"(min-width: 768px)\"><img decoding=\"async\" class=\"brz-img\" srcset=\"https:\/\/vivendo.site\/wp-content\/uploads\/2026\/05\/4-ABOUT-1.jpg 1x, https:\/\/vivendo.site\/wp-content\/uploads\/2026\/05\/4-ABOUT-1.jpg 2x\" src=\"https:\/\/vivendo.site\/wp-content\/uploads\/2026\/05\/4-ABOUT-1.jpg\" loading=\"lazy\" alt=\"\" title=\"4 ABOUT\" draggable=\"false\"><\/picture><\/div>\n<\/div>\n<\/div>\n<\/div>\n<\/section>\n<section id=\"nm1Rxp36fSPS_nm1Rxp36fSPS\" class=\"brz-section brz-css-d-section brz-css-19bit3i\">\n<div class=\"brz-section__content brz-section--boxed brz-css-d-sectionitem-bg brz-css-15a2fn3\" data-brz-custom-id=\"fxY2w4TLnIvB\">\n<div class=\"brz-container brz-css-d-sectionitem-container brz-css-1qipctv\">\n<div id=\"\" class=\"brz-css-d-wrapper brz-css-9rkt1b brz-wrapper\">\n<div class=\"brz-image brz-css-d-image-saz9x2rwynz6-parent brz-css-14zhaet\" data-brz-custom-id=\"sAZ9X2rWynZ6\"><picture class=\"brz-picture brz-d-block brz-p-relative brz-css-d-image-saz9x2rwynz6-picture brz-css-8svwdo\"><source srcset=\"https:\/\/vivendo.site\/wp-content\/uploads\/2026\/05\/5-APPROACH-1.jpg 1x, https:\/\/vivendo.site\/wp-content\/uploads\/2026\/05\/5-APPROACH-1.jpg 2x\" media=\"(min-width: 992px)\"><source srcset=\"https:\/\/vivendo.site\/wp-content\/uploads\/2026\/05\/5-APPROACH-1.jpg 1x, https:\/\/vivendo.site\/wp-content\/uploads\/2026\/05\/5-APPROACH-1.jpg 2x\" media=\"(min-width: 768px)\"><img decoding=\"async\" class=\"brz-img\" srcset=\"https:\/\/vivendo.site\/wp-content\/uploads\/2026\/05\/5-APPROACH-1.jpg 1x, https:\/\/vivendo.site\/wp-content\/uploads\/2026\/05\/5-APPROACH-1.jpg 2x\" src=\"https:\/\/vivendo.site\/wp-content\/uploads\/2026\/05\/5-APPROACH-1.jpg\" loading=\"lazy\" alt=\"\" title=\"5 APPROACH\" draggable=\"false\"><\/picture><\/div>\n<\/div>\n<\/div>\n<\/div>\n<\/section>\n<section id=\"qDgIGh5fSJdY_qDgIGh5fSJdY\" class=\"brz-section brz-css-d-section brz-css-xh3hdh\">\n<div class=\"brz-section__content brz-section--boxed brz-css-d-sectionitem-bg brz-css-1hsdpfx\" data-brz-custom-id=\"vwZjkY__69rG\">\n<div class=\"brz-bg\">\n<div class=\"brz-bg-image\"><\/div>\n<\/div>\n<div class=\"brz-container brz-css-d-sectionitem-container brz-css-kbqa44\">\n<div class=\"brz-row__container brz-css-d-row-row brz-css-937x5m\" data-brz-custom-id=\"lfMSdZTgsVb9\">\n<div class=\"brz-row brz-css-d-row-container brz-css-r-row-container brz-css-1r7ttst\">\n<div class=\"brz-columns brz-css-d-column-column brz-css-17uz3h1\" data-brz-custom-id=\"oQh5D89CT2zu\">\n<div class=\"brz-column__items brz-css-d-column-bg brz-css-1m7wja1\">\n<div class=\"brz-wrapper-clone brz-flex-xs-wrap brz-css-d-cloneable brz-css-dt5ldv\" data-brz-custom-id=\"n960a9gaKjjJ\"><a class=\"brz-a brz-btn brz-css-d-button brz-css-1nkqysd brz-css-d-button-bg brz-css-wo4uzx\" target=\"_self\" rel=\"noopener\" href=\"https:\/\/wa.me\/525510519397?text=Hola%20Enrique,%20quiero%20agendar%20una%20conversaci%C3%B3n%20estrat%C3%A9gica.\" data-brz-link-type=\"external\" data-brz-custom-id=\"v3jDEP3MG8j0\"><svg class=\"brz-icon-svg align-[initial] brz-css-d-button-icon brz-css-1mkq85t\"><use href=\"\/wp-content\/plugins\/brizy\/public\/editor-build\/prod\/editor\/icons\/glyph\/tail-right.svg#nc_icon\"><\/use><\/svg><span data-brz-translate-text=\"1\" class=\"brz-span brz-text__editor\">&nbsp; &nbsp; &nbsp; &nbsp; &nbsp; &nbsp;QUIERO MI ESTRATEGIA&nbsp;<\/span><\/a><\/div>\n<\/div>\n<\/div>\n<\/div>\n<\/div>\n<\/div>\n<\/div>\n<\/section>\n<section id=\"wwtU2wXjKeH1_wwtU2wXjKeH1\" class=\"brz-section brz-css-d-section brz-css-qvmsc7\">\n<div class=\"brz-section__content brz-section--boxed brz-css-d-sectionitem-bg brz-css-1895xhf\" data-brz-custom-id=\"aobkjrhiQaJj\">\n<div class=\"brz-bg\">\n<div class=\"brz-bg-image\"><\/div>\n<\/div>\n<div class=\"brz-container brz-css-d-sectionitem-container brz-css-10kro8s\">\n<div class=\"brz-wrapper-clone brz-flex-xs-wrap brz-css-d-cloneable brz-css-1dn15g9\" data-brz-custom-id=\"qokw1EjxBHGu\"><a class=\"brz-a brz-btn brz-css-d-button brz-css-1cdzo8a brz-css-d-button-bg brz-css-5lph8b\" target=\"_self\" rel=\"noopener\" href=\"https:\/\/wa.me\/525510519397?text=Hola%20Enrique,%20quiero%20explorar%20oportunidades%20de%20inversi%C3%B3n%20en%20Canc%C3%BAn%20y%20Riviera%20Maya.\" data-brz-link-type=\"external\" data-brz-custom-id=\"sto0PWDx8mAC\"><svg class=\"brz-icon-svg align-[initial] brz-css-d-button-icon brz-css-rmuex\"><use href=\"\/wp-content\/plugins\/brizy\/public\/editor-build\/prod\/editor\/icons\/glyph\/tail-right.svg#nc_icon\"><\/use><\/svg><span data-brz-translate-text=\"1\" class=\"brz-span brz-text__editor\">&nbsp; &nbsp; &nbsp;QUIERO INVERTIR&nbsp; &nbsp;&nbsp;<\/span><\/a><\/div>\n<div class=\"brz-wrapper-clone brz-flex-xs-wrap brz-css-d-cloneable brz-css-r3lk5y\" data-brz-custom-id=\"tYbSNIDqG2S_\"><a class=\"brz-a brz-btn brz-css-d-button brz-css-b3xs2i brz-css-d-button-bg brz-css-9n8555\" target=\"_self\" rel=\"noopener\" href=\"https:\/\/wa.me\/525510519397?text=Hola%20Enrique,%20quiero%20conocer%20tu%20m%C3%A9todo%20para%20marketing%20y%20generaci%C3%B3n%20de%20leads.\" data-brz-link-type=\"external\" data-brz-custom-id=\"fXW17A0FZSOG\"><svg class=\"brz-icon-svg align-[initial] brz-css-d-button-icon brz-css-p0p11u\"><use href=\"\/wp-content\/plugins\/brizy\/public\/editor-build\/prod\/editor\/icons\/glyph\/tail-right.svg#nc_icon\"><\/use><\/svg><span data-brz-translate-text=\"1\" class=\"brz-span brz-text__editor\">QUIERO EL M\u00c9TODO&nbsp;<\/span><\/a><\/div>\n<\/div>\n<\/div>\n<\/section>\n<section id=\"sVbJ6nxCcc_r_sVbJ6nxCcc_r\" class=\"brz-section brz-css-d-section brz-css-liv4vv\">\n<div class=\"brz-section__content brz-section--boxed brz-css-d-sectionitem-bg brz-css-a3jpcb\" data-brz-custom-id=\"loJnM5tFz2z9\">\n<div class=\"brz-container brz-css-d-sectionitem-container brz-css-1s2dzvp\">\n<div id=\"\" class=\"brz-css-d-wrapper brz-css-1b58d6g brz-wrapper\">\n<div class=\"brz-image brz-css-d-image-w68fkyxl2j3z-parent brz-css-54v1fp\" data-brz-custom-id=\"w68FKYxl2J3Z\"><picture class=\"brz-picture brz-d-block brz-p-relative brz-css-d-image-w68fkyxl2j3z-picture brz-css-1ss5zw2\"><source srcset=\"https:\/\/vivendo.site\/wp-content\/uploads\/2026\/05\/POLITICAS-VIVIENDO.jpg 1x, https:\/\/vivendo.site\/wp-content\/uploads\/2026\/05\/POLITICAS-VIVIENDO.jpg 2x\" media=\"(min-width: 992px)\"><source srcset=\"https:\/\/vivendo.site\/wp-content\/uploads\/2026\/05\/POLITICAS-VIVIENDO.jpg 1x, https:\/\/vivendo.site\/wp-content\/uploads\/2026\/05\/POLITICAS-VIVIENDO.jpg 2x\" media=\"(min-width: 768px)\"><img decoding=\"async\" class=\"brz-img\" srcset=\"https:\/\/vivendo.site\/wp-content\/uploads\/2026\/05\/POLITICAS-VIVIENDO.jpg 1x, https:\/\/vivendo.site\/wp-content\/uploads\/2026\/05\/POLITICAS-VIVIENDO.jpg 2x\" src=\"https:\/\/vivendo.site\/wp-content\/uploads\/2026\/05\/POLITICAS-VIVIENDO.jpg\" loading=\"lazy\" alt=\"\" title=\"POLITICAS VIVIENDO\" draggable=\"false\"><\/picture><\/div>\n<\/div>\n<\/div>\n<\/div>\n<\/section><\/div>\n<p><!-- version:1778296530 --><\/p>\n","protected":false},"excerpt":{"rendered":"<p>Consultoria Inmobiliaria Integral Canc\u00fan &amp; Riviera Maya Criterio creativo. Experiencia Real. Resultados concretos. \u00bfTienes en mente invertir? Te asesoro desde el concepto al cierre, te incluyo proyecto de interiorismo. \u00bfArrancas como Broker?? Te comparto el m\u00e9todo para que tu marca y tus campa\u00f1as trabajen por ti. &nbsp; &nbsp; QUIERO INVERTIR&nbsp;QUIERO EL METODO&nbsp; &nbsp; &nbsp; &nbsp; [&hellip;]<\/p>\n","protected":false},"author":1,"featured_media":0,"parent":0,"menu_order":0,"comment_status":"closed","ping_status":"closed","template":"brizy-blank-template.php","meta":{"footnotes":""},"class_list":["post-11","page","type-page","status-publish","hentry"],"brizy_media":[{"id":62,"url":"https:\/\/vivendo.site\/wp-content\/uploads\/2026\/05\/1.1hero-bg-1-scaled.jpg","name":"1.1hero-bg-1.jpg","meta":{"brizy_attachment_uid":"wp-4ef2a4816afafc385978e86a414f739d.jpg","brizy_post_uid":["2b5e5d4c7bb9d263b5bc79bdcc49c48a"]}},{"id":69,"url":"https:\/\/vivendo.site\/wp-content\/uploads\/2026\/05\/1-HERO-VIVENDO.jpg","name":"1-HERO-VIVENDO.jpg","meta":{"brizy_attachment_uid":"wp-ed58d0f9438bbe1fd2fa650ab19ab863.jpg","brizy_post_uid":["2b5e5d4c7bb9d263b5bc79bdcc49c48a"]}},{"id":71,"url":"https:\/\/vivendo.site\/wp-content\/uploads\/2026\/05\/3-MARKET-1.jpg","name":"3-MARKET-1.jpg","meta":{"brizy_attachment_uid":"wp-43f203a5bb32b44ad86331bee68a11b7.jpg","brizy_post_uid":["2b5e5d4c7bb9d263b5bc79bdcc49c48a"]}},{"id":72,"url":"https:\/\/vivendo.site\/wp-content\/uploads\/2026\/05\/4-ABOUT-1.jpg","name":"4-ABOUT-1.jpg","meta":{"brizy_attachment_uid":"wp-d8ac6f33395fe7a701dbf4b60d06d772.jpg","brizy_post_uid":["2b5e5d4c7bb9d263b5bc79bdcc49c48a"]}},{"id":73,"url":"https:\/\/vivendo.site\/wp-content\/uploads\/2026\/05\/5-APPROACH-1.jpg","name":"5-APPROACH-1.jpg","meta":{"brizy_attachment_uid":"wp-a3999534ec4f0c06b1b0aaa0c3edf21b.jpg","brizy_post_uid":["2b5e5d4c7bb9d263b5bc79bdcc49c48a"]}},{"id":74,"url":"https:\/\/vivendo.site\/wp-content\/uploads\/2026\/05\/6-CONTACT-1.jpg","name":"6-CONTACT-1.jpg","meta":{"brizy_attachment_uid":"wp-5ec46d7e53426b89bbe194246cb30fa0.jpg","brizy_post_uid":["2b5e5d4c7bb9d263b5bc79bdcc49c48a"]}},{"id":99,"url":"https:\/\/vivendo.site\/wp-content\/uploads\/2026\/05\/POLITICAS-VIVIENDO.jpg","name":"POLITICAS-VIVIENDO.jpg","meta":{"brizy_attachment_uid":"wp-c1c0cd920bd4b54773b001b64c1481f3.jpg","brizy_post_uid":["2b5e5d4c7bb9d263b5bc79bdcc49c48a","344b645b7a554d051f75235a2adf38c3"]}},{"id":160,"url":"https:\/\/vivendo.site\/wp-content\/uploads\/2026\/05\/HERO-1.png","name":"HERO-1.png","meta":{"brizy_attachment_uid":"wp-4d4fe0654a258d3af275386b13dc4d7f.png","brizy_post_uid":["2b5e5d4c7bb9d263b5bc79bdcc49c48a"]}}],"_links":{"self":[{"href":"https:\/\/vivendo.site\/index.php?rest_route=\/wp\/v2\/pages\/11","targetHints":{"allow":["GET"]}}],"collection":[{"href":"https:\/\/vivendo.site\/index.php?rest_route=\/wp\/v2\/pages"}],"about":[{"href":"https:\/\/vivendo.site\/index.php?rest_route=\/wp\/v2\/types\/page"}],"author":[{"embeddable":true,"href":"https:\/\/vivendo.site\/index.php?rest_route=\/wp\/v2\/users\/1"}],"replies":[{"embeddable":true,"href":"https:\/\/vivendo.site\/index.php?rest_route=%2Fwp%2Fv2%2Fcomments&post=11"}],"version-history":[{"count":5,"href":"https:\/\/vivendo.site\/index.php?rest_route=\/wp\/v2\/pages\/11\/revisions"}],"predecessor-version":[{"id":180,"href":"https:\/\/vivendo.site\/index.php?rest_route=\/wp\/v2\/pages\/11\/revisions\/180"}],"wp:attachment":[{"href":"https:\/\/vivendo.site\/index.php?rest_route=%2Fwp%2Fv2%2Fmedia&parent=11"}],"curies":[{"name":"wp","href":"https:\/\/api.w.org\/{rel}","templated":true}]}}